{"id":9714,"date":"2021-04-06T13:44:59","date_gmt":"2021-04-06T17:44:59","guid":{"rendered":"http:\/\/www.tni-rtn.com\/?page_id=9714"},"modified":"2024-01-26T09:42:24","modified_gmt":"2024-01-26T14:42:24","slug":"nouvelles","status":"publish","type":"page","link":"https:\/\/www.tni-rtn.com\/fr\/nouvelles\/","title":{"rendered":"Nouvelles"},"content":{"rendered":"[vc_row type=\u00a0\u00bbfull_width_background\u00a0\u00bb full_screen_row_position=\u00a0\u00bbmiddle\u00a0\u00bb bg_image=\u00a0\u00bb6139&Prime; bg_position=\u00a0\u00bbcenter center\u00a0\u00bb bg_repeat=\u00a0\u00bbno-repeat\u00a0\u00bb parallax_bg=\u00a0\u00bbtrue\u00a0\u00bb parallax_bg_speed=\u00a0\u00bbfast\u00a0\u00bb scene_position=\u00a0\u00bbcenter\u00a0\u00bb text_color=\u00a0\u00bblight\u00a0\u00bb text_align=\u00a0\u00bbleft\u00a0\u00bb top_padding=\u00a0\u00bb13%\u00a0\u00bb bottom_padding=\u00a0\u00bb9%\u00a0\u00bb enable_gradient=\u00a0\u00bbtrue\u00a0\u00bb color_overlay=\u00a0\u00bbrgba(10,64,135,0.94)\u00a0\u00bb color_overlay_2=\u00a0\u00bbrgba(105,178,198,0.71)\u00a0\u00bb gradient_direction=\u00a0\u00bbleft_t_to_right_b\u00a0\u00bb overlay_strength=\u00a0\u00bb0.95&Prime; enable_shape_divider=\u00a0\u00bbtrue\u00a0\u00bb shape_divider_position=\u00a0\u00bbbottom\u00a0\u00bb shape_type=\u00a0\u00bbwaves_opacity_alt\u00a0\u00bb][vc_column column_padding=\u00a0\u00bbno-extra-padding\u00a0\u00bb column_padding_position=\u00a0\u00bball\u00a0\u00bb background_color_opacity=\u00a0\u00bb1&Prime; background_hover_color_opacity=\u00a0\u00bb1&Prime; column_shadow=\u00a0\u00bbnone\u00a0\u00bb column_border_radius=\u00a0\u00bbnone\u00a0\u00bb width=\u00a0\u00bb1\/1&Prime; tablet_text_alignment=\u00a0\u00bbdefault\u00a0\u00bb phone_text_alignment=\u00a0\u00bbdefault\u00a0\u00bb column_border_width=\u00a0\u00bbnone\u00a0\u00bb column_border_style=\u00a0\u00bbsolid\u00a0\u00bb][vc_column_text]\n<h1>Nouvelles<\/h1>\n[\/vc_column_text][\/vc_column][\/vc_row][vc_row type=\u00a0\u00bbin_container\u00a0\u00bb full_screen_row_position=\u00a0\u00bbmiddle\u00a0\u00bb scene_position=\u00a0\u00bbcenter\u00a0\u00bb text_color=\u00a0\u00bbdark\u00a0\u00bb text_align=\u00a0\u00bbleft\u00a0\u00bb top_padding=\u00a0\u00bb50&Prime; overlay_strength=\u00a0\u00bb0.3&Prime; shape_divider_position=\u00a0\u00bbbottom\u00a0\u00bb shape_type=\u00a0\u00bb\u00a0\u00bb][vc_column column_padding=\u00a0\u00bbno-extra-padding\u00a0\u00bb column_padding_position=\u00a0\u00bball\u00a0\u00bb background_color_opacity=\u00a0\u00bb1&Prime; background_hover_color_opacity=\u00a0\u00bb1&Prime; column_shadow=\u00a0\u00bbnone\u00a0\u00bb column_border_radius=\u00a0\u00bbnone\u00a0\u00bb width=\u00a0\u00bb1\/1&Prime; tablet_text_alignment=\u00a0\u00bbdefault\u00a0\u00bb phone_text_alignment=\u00a0\u00bbdefault\u00a0\u00bb column_border_width=\u00a0\u00bbnone\u00a0\u00bb column_border_style=\u00a0\u00bbsolid\u00a0\u00bb]<div class=\"nectar-fancy-ul\" data-list-icon=\"none\" data-animation=\"false\" data-animation-delay=\"0\" data-color=\"accent-color\" data-alignment=\"left\"> \n<ul>\n<li><strong>Communiqu\u00e9 de presse &#8211; 2021-02-02<\/strong><\/li>\n<\/ul>\n<p><a href=\"http:\/\/www.tni-rtn.com\/wp-content\/uploads\/2021\/03\/TNI-Press-Release_New-Equipment-French.pdf\">TAQRAMIUT NIPINGAT INC. RE\u00c7OIT 729 588 $ EN AIDE FINANCI\u00c8RE POUR L&rsquo;ACQUISITION DE NOUVEAUX LOGICIELS ET \u00c9QUIPEMENTS POUR SA RADIO R\u00c9GIONALE ET LES RADIOS LOCALES DU NUNAVIK<\/a> <\/div>[\/vc_column][\/vc_row][vc_row type=\u00a0\u00bbin_container\u00a0\u00bb full_screen_row_position=\u00a0\u00bbmiddle\u00a0\u00bb scene_position=\u00a0\u00bbcenter\u00a0\u00bb text_color=\u00a0\u00bbdark\u00a0\u00bb text_align=\u00a0\u00bbleft\u00a0\u00bb overlay_strength=\u00a0\u00bb0.3&Prime; enable_shape_divider=\u00a0\u00bbtrue\u00a0\u00bb shape_divider_color=\u00a0\u00bb#ffffff\u00a0\u00bb shape_divider_position=\u00a0\u00bbtop\u00a0\u00bb shape_divider_height=\u00a0\u00bb100&Prime; shape_type=\u00a0\u00bbmountains\u00a0\u00bb][vc_column column_padding=\u00a0\u00bbno-extra-padding\u00a0\u00bb column_padding_position=\u00a0\u00bball\u00a0\u00bb background_color_opacity=\u00a0\u00bb1&Prime; background_hover_color_opacity=\u00a0\u00bb1&Prime; column_shadow=\u00a0\u00bbnone\u00a0\u00bb column_border_radius=\u00a0\u00bbnone\u00a0\u00bb width=\u00a0\u00bb1\/1&Prime; tablet_text_alignment=\u00a0\u00bbdefault\u00a0\u00bb phone_text_alignment=\u00a0\u00bbdefault\u00a0\u00bb column_border_width=\u00a0\u00bbnone\u00a0\u00bb column_border_style=\u00a0\u00bbsolid\u00a0\u00bb][\/vc_column][\/vc_row]\n","protected":false},"excerpt":{"rendered":"<p>[vc_row type=\u00a0\u00bbfull_width_background\u00a0\u00bb full_screen_row_position=\u00a0\u00bbmiddle\u00a0\u00bb bg_image=\u00a0\u00bb6139&Prime; bg_position=\u00a0\u00bbcenter center\u00a0\u00bb bg_repeat=\u00a0\u00bbno-repeat\u00a0\u00bb parallax_bg=\u00a0\u00bbtrue\u00a0\u00bb parallax_bg_speed=\u00a0\u00bbfast\u00a0\u00bb scene_position=\u00a0\u00bbcenter\u00a0\u00bb text_color=\u00a0\u00bblight\u00a0\u00bb text_align=\u00a0\u00bbleft\u00a0\u00bb top_padding=\u00a0\u00bb13%\u00a0\u00bb bottom_padding=\u00a0\u00bb9%\u00a0\u00bb enable_gradient=\u00a0\u00bbtrue\u00a0\u00bb color_overlay=\u00a0\u00bbrgba(10,64,135,0.94)\u00a0\u00bb color_overlay_2=\u00a0\u00bbrgba(105,178,198,0.71)\u00a0\u00bb gradient_direction=\u00a0\u00bbleft_t_to_right_b\u00a0\u00bb overlay_strength=\u00a0\u00bb0.95&Prime; enable_shape_divider=\u00a0\u00bbtrue\u00a0\u00bb shape_divider_position=\u00a0\u00bbbottom\u00a0\u00bb shape_type=\u00a0\u00bbwaves_opacity_alt\u00a0\u00bb][vc_column column_padding=\u00a0\u00bbno-extra-padding\u00a0\u00bb column_padding_position=\u00a0\u00bball\u00a0\u00bb background_color_opacity=\u00a0\u00bb1&Prime;&#8230;<\/p>\n","protected":false},"author":4,"featured_media":0,"parent":0,"menu_order":0,"comment_status":"closed","ping_status":"closed","template":"","meta":{"footnotes":""},"class_list":["post-9714","page","type-page","status-publish"],"_links":{"self":[{"href":"https:\/\/www.tni-rtn.com\/fr\/wp-json\/wp\/v2\/pages\/9714"}],"collection":[{"href":"https:\/\/www.tni-rtn.com\/fr\/wp-json\/wp\/v2\/pages"}],"about":[{"href":"https:\/\/www.tni-rtn.com\/fr\/wp-json\/wp\/v2\/types\/page"}],"author":[{"embeddable":true,"href":"https:\/\/www.tni-rtn.com\/fr\/wp-json\/wp\/v2\/users\/4"}],"replies":[{"embeddable":true,"href":"https:\/\/www.tni-rtn.com\/fr\/wp-json\/wp\/v2\/comments?post=9714"}],"version-history":[{"count":8,"href":"https:\/\/www.tni-rtn.com\/fr\/wp-json\/wp\/v2\/pages\/9714\/revisions"}],"predecessor-version":[{"id":21777,"href":"https:\/\/www.tni-rtn.com\/fr\/wp-json\/wp\/v2\/pages\/9714\/revisions\/21777"}],"wp:attachment":[{"href":"https:\/\/www.tni-rtn.com\/fr\/wp-json\/wp\/v2\/media?parent=9714"}],"curies":[{"name":"wp","href":"https:\/\/api.w.org\/{rel}","templated":true}]}}