{"id":9720,"date":"2021-03-23T11:34:09","date_gmt":"2021-03-23T15:34:09","guid":{"rendered":"http:\/\/www.tni-rtn.com\/?page_id=9720"},"modified":"2024-10-25T12:37:43","modified_gmt":"2024-10-25T16:37:43","slug":"radio","status":"publish","type":"page","link":"https:\/\/www.tni-rtn.com\/fr\/radio\/","title":{"rendered":"Radio"},"content":{"rendered":"[vc_row type=\u00a0\u00bbfull_width_background\u00a0\u00bb full_screen_row_position=\u00a0\u00bbmiddle\u00a0\u00bb bg_image=\u00a0\u00bb6137&Prime; bg_position=\u00a0\u00bbleft top\u00a0\u00bb bg_repeat=\u00a0\u00bbno-repeat\u00a0\u00bb parallax_bg=\u00a0\u00bbtrue\u00a0\u00bb parallax_bg_speed=\u00a0\u00bbslow\u00a0\u00bb scene_position=\u00a0\u00bbcenter\u00a0\u00bb text_color=\u00a0\u00bbdark\u00a0\u00bb text_align=\u00a0\u00bbleft\u00a0\u00bb top_padding=\u00a0\u00bb9%\u00a0\u00bb bottom_padding=\u00a0\u00bb5%\u00a0\u00bb overlay_strength=\u00a0\u00bb0.3&Prime; enable_shape_divider=\u00a0\u00bbtrue\u00a0\u00bb shape_divider_position=\u00a0\u00bbbottom\u00a0\u00bb shape_divider_height=\u00a0\u00bb150&Prime; shape_type=\u00a0\u00bbwaves_opacity_alt\u00a0\u00bb][vc_column column_padding=\u00a0\u00bbpadding-5-percent\u00a0\u00bb column_padding_position=\u00a0\u00bball\u00a0\u00bb background_color_opacity=\u00a0\u00bb1&Prime; background_hover_color_opacity=\u00a0\u00bb1&Prime; font_color=\u00a0\u00bb#1d4b86&Prime; column_shadow=\u00a0\u00bbnone\u00a0\u00bb column_border_radius=\u00a0\u00bbnone\u00a0\u00bb width=\u00a0\u00bb1\/1&Prime; tablet_text_alignment=\u00a0\u00bbdefault\u00a0\u00bb phone_text_alignment=\u00a0\u00bbdefault\u00a0\u00bb column_border_width=\u00a0\u00bbnone\u00a0\u00bb column_border_style=\u00a0\u00bbsolid\u00a0\u00bb]<div class=\"divider-wrap\"><div style=\"height: 20px;\" class=\"divider\"><\/div><\/div>[vc_column_text]\n<h1 style=\"text-align: center; color: #003366;\">Radio<\/h1>\n[\/vc_column_text]<div class=\"divider-wrap\"><div style=\"height: 40px;\" class=\"divider\"><\/div><\/div>[\/vc_column][\/vc_row][vc_row type=\u00a0\u00bbfull_width_background\u00a0\u00bb full_screen_row_position=\u00a0\u00bbmiddle\u00a0\u00bb bg_color=\u00a0\u00bb#ffffff\u00a0\u00bb scene_position=\u00a0\u00bbcenter\u00a0\u00bb text_color=\u00a0\u00bbdark\u00a0\u00bb text_align=\u00a0\u00bbleft\u00a0\u00bb top_padding=\u00a0\u00bb10%\u00a0\u00bb bottom_padding=\u00a0\u00bb10%\u00a0\u00bb overlay_strength=\u00a0\u00bb1&Prime; shape_divider_position=\u00a0\u00bbbottom\u00a0\u00bb][vc_column column_padding=\u00a0\u00bbno-extra-padding\u00a0\u00bb column_padding_position=\u00a0\u00bball\u00a0\u00bb background_color_opacity=\u00a0\u00bb1&Prime; background_hover_color_opacity=\u00a0\u00bb1&Prime; column_shadow=\u00a0\u00bbnone\u00a0\u00bb column_border_radius=\u00a0\u00bbnone\u00a0\u00bb width=\u00a0\u00bb1\/1&Prime; tablet_text_alignment=\u00a0\u00bbdefault\u00a0\u00bb phone_text_alignment=\u00a0\u00bbdefault\u00a0\u00bb column_border_width=\u00a0\u00bbnone\u00a0\u00bb column_border_style=\u00a0\u00bbsolid\u00a0\u00bb][vc_row_inner column_margin=\u00a0\u00bbdefault\u00a0\u00bb text_align=\u00a0\u00bbleft\u00a0\u00bb][vc_column_inner column_padding=\u00a0\u00bbno-extra-padding\u00a0\u00bb column_padding_position=\u00a0\u00bball\u00a0\u00bb centered_text=\u00a0\u00bbtrue\u00a0\u00bb background_color_opacity=\u00a0\u00bb1&Prime; background_hover_color_opacity=\u00a0\u00bb1&Prime; column_shadow=\u00a0\u00bbnone\u00a0\u00bb column_border_radius=\u00a0\u00bbnone\u00a0\u00bb width=\u00a0\u00bb1\/1&Prime; column_border_width=\u00a0\u00bbnone\u00a0\u00bb column_border_style=\u00a0\u00bbsolid\u00a0\u00bb][nectar_gradient_text heading_tag=\u00a0\u00bbh2&Prime; color=\u00a0\u00bbextra-color-gradient-2&Prime; gradient_direction=\u00a0\u00bbdiagonal\u00a0\u00bb text=\u00a0\u00bbHoraire de la radio r\u00e9gionale de TNI\u00a0\u00bb][nectar_gradient_text heading_tag=\u00a0\u00bbh4&Prime; color=\u00a0\u00bbextra-color-gradient-2&Prime; gradient_direction=\u00a0\u00bbhorizontal\u00a0\u00bb text=\u00a0\u00bb\u00c9coutez la cha\u00eene de radio r\u00e9gionale de TNI, 94.1 FM, en directe ici.\u00a0\u00bb][vc_column_text css=\u00a0\u00bb.vc_custom_1729874254536{border-radius: 4px !important;}\u00a0\u00bb]<!--\n\n\n<p style=\"text-align: center;\"><audio controls=\"controls\" data-mce-fragment=\"1\"><source src=\"http:\/\/perseus.shoutca.st:8599\/stream\/1\/\" type=\"audio\/mp3\" \/>Your browser does not support the audio element.<\/audio><\/p>\n\n\n-->[\/vc_column_text][vc_raw_html]JTNDZGl2JTIwY2xhc3MlM0QlMjJwbGF5ZXJTQ0ElMjBjZW50ZXIlMjIlMjBpZCUzRCUyMnN0cmVhbTElMjIlM0UlM0MlMkZkaXYlM0UlMEElM0NzY3JpcHQlMjBzcmMlM0QlMjJodHRwcyUzQSUyRiUyRmNvZGUuanF1ZXJ5LmNvbSUyRmpxdWVyeS0zLjUuMS5taW4uanMlMjIlM0UlM0MlMkZzY3JpcHQlM0UlMEElM0NzY3JpcHQlM0V2YXIlMjBidSUyMCUzRCUyMCUyMmh0dHBzJTNBJTJGJTJGcGxheWVyLnN0cmVhbWVyci5jbyUyRiUyMiUzQiUyMHZhciUyMGpRdWVyeV8zXzVfMSUyMCUzRCUyMCUyNC5ub0NvbmZsaWN0JTI4dHJ1ZSUyOSUzQiUyMHZhciUyMHVpZCUyMCUzRCUyMDg0NiUzQiUyMHZhciUyMHBpZCUyMCUzRCUyMDcyOSUzQyUyRnNjcmlwdCUzRSUwQSUzQ3NjcmlwdCUyMHNyYyUzRCUyMmh0dHBzJTNBJTJGJTJGcGxheWVyLnN0cmVhbWVyci5jbyUyRnBsYXllciUyRmJ1bmRsZS5qcyUyMiUzRSUzQyUyRnNjcmlwdCUzRSUwQSUzQ3NjcmlwdCUyMHNyYyUzRCUyMmh0dHBzJTNBJTJGJTJGcGxheWVyLnN0cmVhbWVyci5jbyUyRnBsYXllciUyRmluaXQuanMlMjIlM0UlM0MlMkZzY3JpcHQlM0U=[\/vc_raw_html][\/vc_column_inner][\/vc_row_inner][tabbed_section style=\u00a0\u00bbminimal\u00a0\u00bb alignment=\u00a0\u00bbleft\u00a0\u00bb spacing=\u00a0\u00bbdefault\u00a0\u00bb tab_color=\u00a0\u00bbAccent-Color\u00a0\u00bb cta_button_style=\u00a0\u00bbaccent-color\u00a0\u00bb icon_size=\u00a0\u00bb24&Prime;][tab icon_family=\u00a0\u00bbnone\u00a0\u00bb title=\u00a0\u00bbLundi\u00a0\u00bb id=\u00a0\u00bb1527782885363-6453e-9235&Prime; tab_id=\u00a0\u00bb1533934307575-1&Prime;][vc_row_inner column_margin=\u00a0\u00bbdefault\u00a0\u00bb text_align=\u00a0\u00bbleft\u00a0\u00bb][vc_column_inner column_padding=\u00a0\u00bbno-extra-padding\u00a0\u00bb column_padding_position=\u00a0\u00bball\u00a0\u00bb background_color_opacity=\u00a0\u00bb1&Prime; background_hover_color_opacity=\u00a0\u00bb1&Prime; column_shadow=\u00a0\u00bbnone\u00a0\u00bb column_border_radius=\u00a0\u00bbnone\u00a0\u00bb width=\u00a0\u00bb1\/4&Prime; column_border_width=\u00a0\u00bbnone\u00a0\u00bb column_border_style=\u00a0\u00bbsolid\u00a0\u00bb][\/vc_column_inner][vc_column_inner column_padding=\u00a0\u00bbno-extra-padding\u00a0\u00bb column_padding_position=\u00a0\u00bball\u00a0\u00bb background_color_opacity=\u00a0\u00bb1&Prime; background_hover_color_opacity=\u00a0\u00bb1&Prime; column_shadow=\u00a0\u00bbnone\u00a0\u00bb column_border_radius=\u00a0\u00bbnone\u00a0\u00bb width=\u00a0\u00bb1\/3&Prime; column_border_width=\u00a0\u00bbnone\u00a0\u00bb column_border_style=\u00a0\u00bbsolid\u00a0\u00bb][vc_column_text]\n<h3 style=\"text-align: left;\"><strong>09:00-10:00: <\/strong><\/h3>\n<p style=\"text-align: left;\"><strong>Qittaisaut<\/strong><\/p>\n<p style=\"text-align: left;\">Informations, actualit\u00e9s, entrevues, musique et reportages sur les communaut\u00e9s<\/p>\n<h3 style=\"text-align: left;\"><strong>10:00-11:00: <\/strong><\/h3>\n<p style=\"text-align: left;\"><strong>Suvaguq<\/strong><\/p>\n<p style=\"text-align: left;\">Nouvelles locales<\/p>\n<h3 style=\"text-align: left;\"><strong>11:00-13:00:<\/strong><\/h3>\n<p style=\"text-align: left;\"><strong>Musique<\/strong><\/p>\n<p style=\"text-align: left;\">Gospel traditionnel et contemporain et musique spirituelle inuktitute<\/p>\n[\/vc_column_text][\/vc_column_inner][vc_column_inner column_padding=\u00a0\u00bbno-extra-padding\u00a0\u00bb column_padding_position=\u00a0\u00bball\u00a0\u00bb background_color_opacity=\u00a0\u00bb1&Prime; background_hover_color_opacity=\u00a0\u00bb1&Prime; column_shadow=\u00a0\u00bbnone\u00a0\u00bb column_border_radius=\u00a0\u00bbnone\u00a0\u00bb width=\u00a0\u00bb1\/3&Prime; column_border_width=\u00a0\u00bbnone\u00a0\u00bb column_border_style=\u00a0\u00bbsolid\u00a0\u00bb][vc_column_text]\n<h3 style=\"text-align: left;\"><strong>13:00-14:00: <\/strong><\/h3>\n<p style=\"text-align: left;\"><strong>Atsataut<\/strong><\/p>\n<p style=\"text-align: left;\">Enjeux familiaux, tels que la sant\u00e9 et l\u2019\u00e9ducation<\/p>\n<h3 style=\"text-align: left;\"><strong>14:00-15:00: <\/strong><\/h3>\n<p><strong>Narration<\/strong><\/p>\n<h3 style=\"text-align: left;\"><strong>16:00-17:00: <\/strong><\/h3>\n<p style=\"text-align: left;\"><strong>Musique<\/strong><\/p>\n<p style=\"text-align: left;\">Musique inuktitute traditionnelle et contemporaine<\/p>\n<h3 style=\"text-align: left;\"><strong>17:00-21:00: <\/strong><\/h3>\n<p style=\"text-align: left;\"><strong>Reprises<\/strong><\/p>\n[\/vc_column_text][\/vc_column_inner][\/vc_row_inner][\/tab][tab icon_family=\u00a0\u00bbnone\u00a0\u00bb title=\u00a0\u00bbMardi\u00a0\u00bb id=\u00a0\u00bb1536173281105-1-4&Prime; tab_id=\u00a0\u00bb1533934307575-1&Prime;][vc_row_inner column_margin=\u00a0\u00bbdefault\u00a0\u00bb text_align=\u00a0\u00bbleft\u00a0\u00bb][vc_column_inner column_padding=\u00a0\u00bbno-extra-padding\u00a0\u00bb column_padding_position=\u00a0\u00bball\u00a0\u00bb background_color_opacity=\u00a0\u00bb1&Prime; background_hover_color_opacity=\u00a0\u00bb1&Prime; column_shadow=\u00a0\u00bbnone\u00a0\u00bb column_border_radius=\u00a0\u00bbnone\u00a0\u00bb width=\u00a0\u00bb1\/4&Prime; column_border_width=\u00a0\u00bbnone\u00a0\u00bb column_border_style=\u00a0\u00bbsolid\u00a0\u00bb][\/vc_column_inner][vc_column_inner column_padding=\u00a0\u00bbno-extra-padding\u00a0\u00bb column_padding_position=\u00a0\u00bball\u00a0\u00bb background_color_opacity=\u00a0\u00bb1&Prime; background_hover_color_opacity=\u00a0\u00bb1&Prime; column_shadow=\u00a0\u00bbnone\u00a0\u00bb column_border_radius=\u00a0\u00bbnone\u00a0\u00bb width=\u00a0\u00bb1\/3&Prime; column_border_width=\u00a0\u00bbnone\u00a0\u00bb column_border_style=\u00a0\u00bbsolid\u00a0\u00bb][vc_column_text]\n<h3 style=\"text-align: left;\"><strong>09:00-10:00: <\/strong><\/h3>\n<p style=\"text-align: left;\"><strong>Qittaisaut<\/strong><\/p>\n<p style=\"text-align: left;\">Informations, actualit\u00e9s, entrevues, musique et reportages sur les communaut\u00e9s<\/p>\n<h3 style=\"text-align: left;\"><strong>10:00-11:00: <\/strong><\/h3>\n<p style=\"text-align: left;\"><strong>Suvaguq<\/strong><\/p>\n<p style=\"text-align: left;\">Nouvelles locales<\/p>\n<h3 style=\"text-align: left;\"><strong>11:00-13:00:<\/strong><\/h3>\n<p style=\"text-align: left;\"><strong>Musique<\/strong><\/p>\n<p style=\"text-align: left;\">Gospel traditionnel et contemporain et musique spirituelle inuktitute<\/p>\n[\/vc_column_text][\/vc_column_inner][vc_column_inner column_padding=\u00a0\u00bbno-extra-padding\u00a0\u00bb column_padding_position=\u00a0\u00bball\u00a0\u00bb background_color_opacity=\u00a0\u00bb1&Prime; background_hover_color_opacity=\u00a0\u00bb1&Prime; column_shadow=\u00a0\u00bbnone\u00a0\u00bb column_border_radius=\u00a0\u00bbnone\u00a0\u00bb width=\u00a0\u00bb1\/3&Prime; column_border_width=\u00a0\u00bbnone\u00a0\u00bb column_border_style=\u00a0\u00bbsolid\u00a0\u00bb][vc_column_text]\n<h3 style=\"text-align: left;\"><strong>13:00-14:00: <\/strong><\/h3>\n<p style=\"text-align: left;\"><strong>Atsataut<\/strong><\/p>\n<p style=\"text-align: left;\">Enjeux familiaux, tels que la sant\u00e9 et l\u2019\u00e9ducation<\/p>\n<h3 style=\"text-align: left;\"><strong>14:00-15:00: <\/strong><\/h3>\n<p style=\"text-align: left;\"><strong>Narration<\/strong><\/p>\n<h3 style=\"text-align: left;\"><strong>16:00-17:00: <\/strong><\/h3>\n<p style=\"text-align: left;\"><strong>Musique<\/strong><\/p>\n<p style=\"text-align: left;\">Musique inuktitute traditionnelle et contemporaine<\/p>\n<h3 style=\"text-align: left;\"><strong>17:00-20:00: <\/strong><\/h3>\n<p><strong>Reprises<\/strong><\/p>\n<h3 style=\"text-align: left;\"><strong>20:00-21:00: <\/strong><\/h3>\n<p style=\"text-align: left;\"><strong>Tusaguminartut<\/strong><\/p>\n<p style=\"text-align: left;\">Programmation religieuse<\/p>\n[\/vc_column_text][\/vc_column_inner][\/vc_row_inner][\/tab][tab icon_family=\u00a0\u00bbnone\u00a0\u00bb title=\u00a0\u00bbMercredi\u00a0\u00bb id=\u00a0\u00bb1536173293879-2-6&Prime; tab_id=\u00a0\u00bb1533934307575-1&Prime;][vc_row_inner column_margin=\u00a0\u00bbdefault\u00a0\u00bb text_align=\u00a0\u00bbleft\u00a0\u00bb][vc_column_inner column_padding=\u00a0\u00bbno-extra-padding\u00a0\u00bb column_padding_position=\u00a0\u00bball\u00a0\u00bb background_color_opacity=\u00a0\u00bb1&Prime; background_hover_color_opacity=\u00a0\u00bb1&Prime; column_shadow=\u00a0\u00bbnone\u00a0\u00bb column_border_radius=\u00a0\u00bbnone\u00a0\u00bb width=\u00a0\u00bb1\/4&Prime; column_border_width=\u00a0\u00bbnone\u00a0\u00bb column_border_style=\u00a0\u00bbsolid\u00a0\u00bb][\/vc_column_inner][vc_column_inner column_padding=\u00a0\u00bbno-extra-padding\u00a0\u00bb column_padding_position=\u00a0\u00bball\u00a0\u00bb background_color_opacity=\u00a0\u00bb1&Prime; background_hover_color_opacity=\u00a0\u00bb1&Prime; column_shadow=\u00a0\u00bbnone\u00a0\u00bb column_border_radius=\u00a0\u00bbnone\u00a0\u00bb width=\u00a0\u00bb1\/3&Prime; column_border_width=\u00a0\u00bbnone\u00a0\u00bb column_border_style=\u00a0\u00bbsolid\u00a0\u00bb][vc_column_text]\n<h3 style=\"text-align: left;\"><strong>09:00-10:00: <\/strong><\/h3>\n<p style=\"text-align: left;\"><strong>Qittaisaut<\/strong><\/p>\n<p style=\"text-align: left;\">Informations, actualit\u00e9s, entrevues, musique et reportages sur les communaut\u00e9s<\/p>\n<h3 style=\"text-align: left;\"><strong>10:00-11:00: <\/strong><\/h3>\n<p style=\"text-align: left;\"><strong>Suvaguq<\/strong><\/p>\n<p style=\"text-align: left;\">Nouvelles locales<\/p>\n<h3 style=\"text-align: left;\"><strong>11:00-13:00:<\/strong><\/h3>\n<p style=\"text-align: left;\"><strong>Musique<\/strong><\/p>\n<p style=\"text-align: left;\">Gospel traditionnel et contemporain et musique spirituelle inuktitute<\/p>\n[\/vc_column_text][\/vc_column_inner][vc_column_inner column_padding=\u00a0\u00bbno-extra-padding\u00a0\u00bb column_padding_position=\u00a0\u00bball\u00a0\u00bb background_color_opacity=\u00a0\u00bb1&Prime; background_hover_color_opacity=\u00a0\u00bb1&Prime; column_shadow=\u00a0\u00bbnone\u00a0\u00bb column_border_radius=\u00a0\u00bbnone\u00a0\u00bb width=\u00a0\u00bb1\/3&Prime; column_border_width=\u00a0\u00bbnone\u00a0\u00bb column_border_style=\u00a0\u00bbsolid\u00a0\u00bb][vc_column_text]\n<h3 style=\"text-align: left;\"><strong>13:00-14:00: <\/strong><\/h3>\n<p style=\"text-align: left;\"><strong>Atsataut<\/strong><\/p>\n<p style=\"text-align: left;\">Enjeux familiaux, tels que la sant\u00e9 et l\u2019\u00e9ducation<\/p>\n<h3 style=\"text-align: left;\"><strong>14:00-15:00: <\/strong><\/h3>\n<p style=\"text-align: left;\"><strong>Narration<\/strong><\/p>\n<h3 style=\"text-align: left;\"><strong>16:00-17:00: <\/strong><\/h3>\n<p style=\"text-align: left;\"><strong>Musique<\/strong><\/p>\n<p style=\"text-align: left;\">Musique inuktitute traditionnelle et contemporaine<\/p>\n<h3 style=\"text-align: left;\"><strong>17:00-21:00: <\/strong><\/h3>\n<p style=\"text-align: left;\"><strong>Reprises<\/strong><\/p>\n[\/vc_column_text][\/vc_column_inner][\/vc_row_inner][\/tab][tab icon_family=\u00a0\u00bbnone\u00a0\u00bb title=\u00a0\u00bbJeudi\u00a0\u00bb id=\u00a0\u00bb1536173296368-3-2&Prime; tab_id=\u00a0\u00bb1533934307575-1&Prime;][vc_row_inner column_margin=\u00a0\u00bbdefault\u00a0\u00bb text_align=\u00a0\u00bbleft\u00a0\u00bb][vc_column_inner column_padding=\u00a0\u00bbno-extra-padding\u00a0\u00bb column_padding_position=\u00a0\u00bball\u00a0\u00bb background_color_opacity=\u00a0\u00bb1&Prime; background_hover_color_opacity=\u00a0\u00bb1&Prime; column_shadow=\u00a0\u00bbnone\u00a0\u00bb column_border_radius=\u00a0\u00bbnone\u00a0\u00bb width=\u00a0\u00bb1\/4&Prime; column_border_width=\u00a0\u00bbnone\u00a0\u00bb column_border_style=\u00a0\u00bbsolid\u00a0\u00bb][\/vc_column_inner][vc_column_inner column_padding=\u00a0\u00bbno-extra-padding\u00a0\u00bb column_padding_position=\u00a0\u00bball\u00a0\u00bb background_color_opacity=\u00a0\u00bb1&Prime; background_hover_color_opacity=\u00a0\u00bb1&Prime; column_shadow=\u00a0\u00bbnone\u00a0\u00bb column_border_radius=\u00a0\u00bbnone\u00a0\u00bb width=\u00a0\u00bb1\/3&Prime; column_border_width=\u00a0\u00bbnone\u00a0\u00bb column_border_style=\u00a0\u00bbsolid\u00a0\u00bb][vc_column_text]\n<h3 style=\"text-align: left;\"><strong>09:00-10:00: <\/strong><\/h3>\n<p style=\"text-align: left;\"><strong>Qittaisaut<\/strong><\/p>\n<p style=\"text-align: left;\">Informations, actualit\u00e9s, entrevues, musique et reportages sur les communaut\u00e9s<\/p>\n<h3 style=\"text-align: left;\"><strong>10:00-11:00: <\/strong><\/h3>\n<p style=\"text-align: left;\"><strong>Suvaguq<\/strong><\/p>\n<p style=\"text-align: left;\">Nouvelles locales<\/p>\n<h3 style=\"text-align: left;\"><strong>11:00-13:00:<\/strong><\/h3>\n<p style=\"text-align: left;\"><strong>Musique<\/strong><\/p>\n<p style=\"text-align: left;\">Gospel traditionnel et contemporain et musique spirituelle inuktitute<\/p>\n[\/vc_column_text][\/vc_column_inner][vc_column_inner column_padding=\u00a0\u00bbno-extra-padding\u00a0\u00bb column_padding_position=\u00a0\u00bball\u00a0\u00bb background_color_opacity=\u00a0\u00bb1&Prime; background_hover_color_opacity=\u00a0\u00bb1&Prime; column_shadow=\u00a0\u00bbnone\u00a0\u00bb column_border_radius=\u00a0\u00bbnone\u00a0\u00bb width=\u00a0\u00bb1\/3&Prime; column_border_width=\u00a0\u00bbnone\u00a0\u00bb column_border_style=\u00a0\u00bbsolid\u00a0\u00bb][vc_column_text]\n<h3 style=\"text-align: left;\"><strong>13:00-14:00: <\/strong><\/h3>\n<p style=\"text-align: left;\"><strong>Atsataut<\/strong><\/p>\n<p style=\"text-align: left;\">Enjeux familiaux, tels que la sant\u00e9 et l\u2019\u00e9ducation<\/p>\n<h3 style=\"text-align: left;\"><strong>14:00-15:00: <\/strong><\/h3>\n<p style=\"text-align: left;\"><strong>Narration<\/strong><\/p>\n<h3 style=\"text-align: left;\"><strong>16:00-17:00: <\/strong><\/h3>\n<p style=\"text-align: left;\"><strong>Musique<\/strong><\/p>\n<p style=\"text-align: left;\">Musique inuktitute traditionnelle et contemporaine<\/p>\n<h3 style=\"text-align: left;\"><strong>17:00-21:00: <\/strong><\/h3>\n<p style=\"text-align: left;\"><strong>Reprises<\/strong><\/p>\n[\/vc_column_text][\/vc_column_inner][\/vc_row_inner][\/tab][tab icon_family=\u00a0\u00bbnone\u00a0\u00bb title=\u00a0\u00bbVendredi\u00a0\u00bb id=\u00a0\u00bb1536173297742-4-6&Prime; tab_id=\u00a0\u00bb1533934307575-1&Prime;][vc_row_inner column_margin=\u00a0\u00bbdefault\u00a0\u00bb text_align=\u00a0\u00bbleft\u00a0\u00bb][vc_column_inner column_padding=\u00a0\u00bbno-extra-padding\u00a0\u00bb column_padding_position=\u00a0\u00bball\u00a0\u00bb background_color_opacity=\u00a0\u00bb1&Prime; background_hover_color_opacity=\u00a0\u00bb1&Prime; column_shadow=\u00a0\u00bbnone\u00a0\u00bb column_border_radius=\u00a0\u00bbnone\u00a0\u00bb width=\u00a0\u00bb1\/4&Prime; column_border_width=\u00a0\u00bbnone\u00a0\u00bb column_border_style=\u00a0\u00bbsolid\u00a0\u00bb][\/vc_column_inner][vc_column_inner column_padding=\u00a0\u00bbno-extra-padding\u00a0\u00bb column_padding_position=\u00a0\u00bball\u00a0\u00bb background_color_opacity=\u00a0\u00bb1&Prime; background_hover_color_opacity=\u00a0\u00bb1&Prime; column_shadow=\u00a0\u00bbnone\u00a0\u00bb column_border_radius=\u00a0\u00bbnone\u00a0\u00bb width=\u00a0\u00bb1\/3&Prime; column_border_width=\u00a0\u00bbnone\u00a0\u00bb column_border_style=\u00a0\u00bbsolid\u00a0\u00bb][vc_column_text]\n<h3 style=\"text-align: left;\"><strong>09:00-10:00: <\/strong><\/h3>\n<p style=\"text-align: left;\"><strong>Qittaisaut<\/strong><\/p>\n<p style=\"text-align: left;\">Informations, actualit\u00e9s, entrevues, musique et reportages sur les communaut\u00e9s<\/p>\n<h3 style=\"text-align: left;\"><strong>10:00-11:00: <\/strong><\/h3>\n<p style=\"text-align: left;\"><strong>Suvaguq<\/strong><\/p>\n<p style=\"text-align: left;\">Nouvelles locales<\/p>\n<h3 style=\"text-align: left;\"><strong>11:00-13:00:<\/strong><\/h3>\n<p style=\"text-align: left;\"><strong>Musique<\/strong><\/p>\n<p style=\"text-align: left;\">Gospel traditionnel et contemporain et musique spirituelle inuktitute<\/p>\n[\/vc_column_text][\/vc_column_inner][vc_column_inner column_padding=\u00a0\u00bbno-extra-padding\u00a0\u00bb column_padding_position=\u00a0\u00bball\u00a0\u00bb background_color_opacity=\u00a0\u00bb1&Prime; background_hover_color_opacity=\u00a0\u00bb1&Prime; column_shadow=\u00a0\u00bbnone\u00a0\u00bb column_border_radius=\u00a0\u00bbnone\u00a0\u00bb width=\u00a0\u00bb1\/3&Prime; column_border_width=\u00a0\u00bbnone\u00a0\u00bb column_border_style=\u00a0\u00bbsolid\u00a0\u00bb][vc_column_text]\n<h3 style=\"text-align: left;\"><strong>13:00-14:00: <\/strong><\/h3>\n<p style=\"text-align: left;\"><strong>Atsataut<\/strong><\/p>\n<p style=\"text-align: left;\">Enjeux familiaux, tels que la sant\u00e9 et l\u2019\u00e9ducation<\/p>\n<h3 style=\"text-align: left;\"><strong>14:00-15:00: <\/strong><\/h3>\n<p style=\"text-align: left;\"><strong>Narration<\/strong><\/p>\n<h3 style=\"text-align: left;\"><strong>16:00-17:00: <\/strong><\/h3>\n<p style=\"text-align: left;\"><strong>Musique<\/strong><\/p>\n<p style=\"text-align: left;\">Musique inuktitute traditionnelle et contemporaine<\/p>\n<h3 style=\"text-align: left;\"><strong>17:00-21:00: <\/strong><\/h3>\n<p style=\"text-align: left;\"><strong>Reprises<\/strong><\/p>\n[\/vc_column_text][\/vc_column_inner][\/vc_row_inner][\/tab][tab icon_family=\u00a0\u00bbnone\u00a0\u00bb title=\u00a0\u00bbSamedi\u00a0\u00bb id=\u00a0\u00bb1616677629996-6-4&Prime; tab_id=\u00a0\u00bb1533934307575-1&Prime;][vc_row_inner column_margin=\u00a0\u00bbdefault\u00a0\u00bb text_align=\u00a0\u00bbleft\u00a0\u00bb][vc_column_inner column_padding=\u00a0\u00bbno-extra-padding\u00a0\u00bb column_padding_position=\u00a0\u00bball\u00a0\u00bb background_color_opacity=\u00a0\u00bb1&Prime; background_hover_color_opacity=\u00a0\u00bb1&Prime; column_shadow=\u00a0\u00bbnone\u00a0\u00bb column_border_radius=\u00a0\u00bbnone\u00a0\u00bb width=\u00a0\u00bb1\/4&Prime; column_border_width=\u00a0\u00bbnone\u00a0\u00bb column_border_style=\u00a0\u00bbsolid\u00a0\u00bb][\/vc_column_inner][vc_column_inner column_padding=\u00a0\u00bbno-extra-padding\u00a0\u00bb column_padding_position=\u00a0\u00bball\u00a0\u00bb background_color_opacity=\u00a0\u00bb1&Prime; background_hover_color_opacity=\u00a0\u00bb1&Prime; column_shadow=\u00a0\u00bbnone\u00a0\u00bb column_border_radius=\u00a0\u00bbnone\u00a0\u00bb width=\u00a0\u00bb1\/3&Prime; column_border_width=\u00a0\u00bbnone\u00a0\u00bb column_border_style=\u00a0\u00bbsolid\u00a0\u00bb][vc_column_text]\n<h3 style=\"text-align: left;\"><strong>09:00-19:00: <\/strong><\/h3>\n<p style=\"text-align: left;\"><strong>Programmation d\u2019\u00e9poque<\/strong><\/p>\n[\/vc_column_text][\/vc_column_inner][\/vc_row_inner][\/tab][\/tabbed_section]<div class=\"divider-wrap\"><div style=\"margin-top: 37px; height: 1px; margin-bottom: 37px;\" data-width=\"100%\" data-animate=\"\" data-animation-delay=\"\" data-color=\"default\" class=\"divider-border\"><\/div><\/div>[vc_column_text]\n<p style=\"text-align: center;\">TNI diffuse parfois des \u00e9v\u00e9nements sp\u00e9ciaux et des r\u00e9unions en direct. La programmation radio est donc sous r\u00e9serve de modifications sans pr\u00e9avis.<\/p>\n[\/vc_column_text][\/vc_column][\/vc_row][vc_row type=\u00a0\u00bbfull_width_background\u00a0\u00bb full_screen_row_position=\u00a0\u00bbmiddle\u00a0\u00bb scene_position=\u00a0\u00bbcenter\u00a0\u00bb text_color=\u00a0\u00bbdark\u00a0\u00bb text_align=\u00a0\u00bbleft\u00a0\u00bb top_padding=\u00a0\u00bb5%\u00a0\u00bb enable_gradient=\u00a0\u00bbtrue\u00a0\u00bb color_overlay=\u00a0\u00bb#226faa\u00a0\u00bb color_overlay_2=\u00a0\u00bb#1d4b86&Prime; gradient_direction=\u00a0\u00bbtop_to_bottom\u00a0\u00bb overlay_strength=\u00a0\u00bb1&Prime; enable_shape_divider=\u00a0\u00bbtrue\u00a0\u00bb shape_divider_color=\u00a0\u00bb#ffffff\u00a0\u00bb shape_divider_position=\u00a0\u00bbtop\u00a0\u00bb shape_divider_height=\u00a0\u00bb100&Prime; shape_type=\u00a0\u00bbmountains\u00a0\u00bb][vc_column column_padding=\u00a0\u00bbno-extra-padding\u00a0\u00bb column_padding_position=\u00a0\u00bball\u00a0\u00bb background_color_opacity=\u00a0\u00bb1&Prime; background_hover_color_opacity=\u00a0\u00bb1&Prime; column_shadow=\u00a0\u00bbnone\u00a0\u00bb column_border_radius=\u00a0\u00bbnone\u00a0\u00bb width=\u00a0\u00bb1\/1&Prime; tablet_text_alignment=\u00a0\u00bbdefault\u00a0\u00bb phone_text_alignment=\u00a0\u00bbdefault\u00a0\u00bb column_border_width=\u00a0\u00bbnone\u00a0\u00bb column_border_style=\u00a0\u00bbsolid\u00a0\u00bb][\/vc_column][\/vc_row]\n","protected":false},"excerpt":{"rendered":"<p>[vc_row type=\u00a0\u00bbfull_width_background\u00a0\u00bb full_screen_row_position=\u00a0\u00bbmiddle\u00a0\u00bb bg_image=\u00a0\u00bb6137&Prime; bg_position=\u00a0\u00bbleft top\u00a0\u00bb bg_repeat=\u00a0\u00bbno-repeat\u00a0\u00bb parallax_bg=\u00a0\u00bbtrue\u00a0\u00bb parallax_bg_speed=\u00a0\u00bbslow\u00a0\u00bb scene_position=\u00a0\u00bbcenter\u00a0\u00bb text_color=\u00a0\u00bbdark\u00a0\u00bb text_align=\u00a0\u00bbleft\u00a0\u00bb top_padding=\u00a0\u00bb9%\u00a0\u00bb bottom_padding=\u00a0\u00bb5%\u00a0\u00bb overlay_strength=\u00a0\u00bb0.3&Prime; enable_shape_divider=\u00a0\u00bbtrue\u00a0\u00bb shape_divider_position=\u00a0\u00bbbottom\u00a0\u00bb shape_divider_height=\u00a0\u00bb150&Prime; shape_type=\u00a0\u00bbwaves_opacity_alt\u00a0\u00bb][vc_column column_padding=\u00a0\u00bbpadding-5-percent\u00a0\u00bb column_padding_position=\u00a0\u00bball\u00a0\u00bb background_color_opacity=\u00a0\u00bb1&Prime; background_hover_color_opacity=\u00a0\u00bb1&Prime; font_color=\u00a0\u00bb#1d4b86&Prime; column_shadow=\u00a0\u00bbnone\u00a0\u00bb&#8230;<\/p>\n","protected":false},"author":4,"featured_media":0,"parent":0,"menu_order":0,"comment_status":"closed","ping_status":"closed","template":"","meta":{"footnotes":""},"class_list":["post-9720","page","type-page","status-publish"],"_links":{"self":[{"href":"https:\/\/www.tni-rtn.com\/fr\/wp-json\/wp\/v2\/pages\/9720"}],"collection":[{"href":"https:\/\/www.tni-rtn.com\/fr\/wp-json\/wp\/v2\/pages"}],"about":[{"href":"https:\/\/www.tni-rtn.com\/fr\/wp-json\/wp\/v2\/types\/page"}],"author":[{"embeddable":true,"href":"https:\/\/www.tni-rtn.com\/fr\/wp-json\/wp\/v2\/users\/4"}],"replies":[{"embeddable":true,"href":"https:\/\/www.tni-rtn.com\/fr\/wp-json\/wp\/v2\/comments?post=9720"}],"version-history":[{"count":50,"href":"https:\/\/www.tni-rtn.com\/fr\/wp-json\/wp\/v2\/pages\/9720\/revisions"}],"predecessor-version":[{"id":24119,"href":"https:\/\/www.tni-rtn.com\/fr\/wp-json\/wp\/v2\/pages\/9720\/revisions\/24119"}],"wp:attachment":[{"href":"https:\/\/www.tni-rtn.com\/fr\/wp-json\/wp\/v2\/media?parent=9720"}],"curies":[{"name":"wp","href":"https:\/\/api.w.org\/{rel}","templated":true}]}}